{"id":9,"date":"2017-08-31T08:19:29","date_gmt":"2017-08-31T08:19:29","guid":{"rendered":"http:\/\/eins-o.ch\/?page_id=9"},"modified":"2017-09-04T14:32:43","modified_gmt":"2017-09-04T12:32:43","slug":"startseite","status":"publish","type":"page","link":"https:\/\/eins-o.ch\/","title":{"rendered":"Startseite"},"content":{"rendered":"<p><span style=\"font-family: AgencyFB; color: #412819;\">eins-O steht kleinen Maschinenbaufirmen als Konstruktions-Abteilung zur Seite. Wir pflegen Ihre Produktepalette und entwickeln sie gemeinsam mit Ihnen weiter. Wir sind aber auch gerne Ihr Partner, wenn Sie eine neue Idee umsetzen m\u00f6chten. Unsere Erfahrungen im Prototypenbau sind umfangreich. Mit unserer Werkst\u00e4tte und unserer Montageerfahrung bauen wir Ihnen unkompliziert Ihren Prototypen. Haben Sie eine kurzzeitige \u00dcberlast und sind f\u00fcr rasch einsetzbare Hilfe dankbar? Gerne bieten wir unsere Fachkr\u00e4fte auch im Bereich Konstruktion, Montage und Mechanik und weiteren Gebieten an.<\/span><\/p>\n<p><span style=\"font-family: AgencyFB; color: #412819;\">Unser Motto: 1A Qualit\u00e4t ist das A und O im Maschinenbau. Entscheiden Sie sich deshalb f\u00fcr eins-O!<\/span><\/p>\n","protected":false},"excerpt":{"rendered":"<p>eins-O steht kleinen Maschinenbaufirmen als Konstruktions-Abteilung zur Seite. Wir pflegen Ihre Produktepalette und entwickeln sie gemeinsam mit Ihnen weiter. Wir sind aber auch gerne Ihr Partner, wenn Sie eine neue Idee umsetzen m\u00f6chten. Unsere Erfahrungen im Prototypenbau sind umfangreich. Mit unserer Werkst\u00e4tte und unserer Montageerfahrung bauen wir Ihnen unkompliziert Ihren Prototypen. Haben Sie eine kurzzeitige &hellip; <\/p>\n<p class=\"link-more\"><a href=\"https:\/\/eins-o.ch\/\" class=\"more-link\"><span class=\"screen-reader-text\">\u201eStartseite\u201c<\/span> weiterlesen<\/a><\/p>\n","protected":false},"author":1,"featured_media":0,"parent":0,"menu_order":0,"comment_status":"closed","ping_status":"closed","template":"","meta":{"two_page_speed":{"previous_score":{"status":"inprogress"}},"footnotes":""},"class_list":["post-9","page","type-page","status-publish","hentry"],"_links":{"self":[{"href":"https:\/\/eins-o.ch\/index.php?rest_route=\/wp\/v2\/pages\/9","targetHints":{"allow":["GET"]}}],"collection":[{"href":"https:\/\/eins-o.ch\/index.php?rest_route=\/wp\/v2\/pages"}],"about":[{"href":"https:\/\/eins-o.ch\/index.php?rest_route=\/wp\/v2\/types\/page"}],"author":[{"embeddable":true,"href":"https:\/\/eins-o.ch\/index.php?rest_route=\/wp\/v2\/users\/1"}],"replies":[{"embeddable":true,"href":"https:\/\/eins-o.ch\/index.php?rest_route=%2Fwp%2Fv2%2Fcomments&post=9"}],"version-history":[{"count":4,"href":"https:\/\/eins-o.ch\/index.php?rest_route=\/wp\/v2\/pages\/9\/revisions"}],"predecessor-version":[{"id":67,"href":"https:\/\/eins-o.ch\/index.php?rest_route=\/wp\/v2\/pages\/9\/revisions\/67"}],"wp:attachment":[{"href":"https:\/\/eins-o.ch\/index.php?rest_route=%2Fwp%2Fv2%2Fmedia&parent=9"}],"curies":[{"name":"wp","href":"https:\/\/api.w.org\/{rel}","templated":true}]}}